{"id":369,"date":"2015-12-03T11:18:42","date_gmt":"2015-12-03T09:18:42","guid":{"rendered":"http:\/\/mv-horben.de\/?page_id=369"},"modified":"2026-04-13T08:01:52","modified_gmt":"2026-04-13T08:01:52","slug":"startseite-2","status":"publish","type":"page","link":"https:\/\/mv-horben.de\/","title":{"rendered":"Willkommen"},"content":{"rendered":"\n<p>auf der Website des Musikverein &#8222;Harmonie&#8220; Horben e.V.<\/p>\n\n\n\n<figure class=\"wp-block-image size-large\"><a href=\"https:\/\/mv-horben.de\/wp-content\/uploads\/2025\/07\/banner.png\"><img fetchpriority=\"high\" decoding=\"async\" width=\"1024\" height=\"489\" src=\"https:\/\/mv-horben.de\/wp-content\/uploads\/2025\/07\/banner-1024x489.png\" alt=\"Willkommen\" class=\"wp-image-6096\" srcset=\"https:\/\/mv-horben.de\/wp-content\/uploads\/2025\/07\/banner-1024x489.png 1024w, https:\/\/mv-horben.de\/wp-content\/uploads\/2025\/07\/banner-300x143.png 300w, https:\/\/mv-horben.de\/wp-content\/uploads\/2025\/07\/banner-768x367.png 768w, https:\/\/mv-horben.de\/wp-content\/uploads\/2025\/07\/banner-1536x733.png 1536w, https:\/\/mv-horben.de\/wp-content\/uploads\/2025\/07\/banner.png 1600w\" sizes=\"(max-width: 1024px) 100vw, 1024px\" \/><\/a><\/figure>\n\n\n\n<hr class=\"wp-block-separator has-alpha-channel-opacity\"\/>\n\n\n\n<figure class=\"wp-block-image size-large\"><a href=\"https:\/\/mv-horben.de\/wp-content\/uploads\/2026\/04\/WhatsApp-Image-2026-03-29-at-18.08.47.jpeg\"><img decoding=\"async\" width=\"728\" height=\"1024\" src=\"https:\/\/mv-horben.de\/wp-content\/uploads\/2026\/04\/WhatsApp-Image-2026-03-29-at-18.08.47-728x1024.jpeg\" alt=\"Willkommen\" class=\"wp-image-6118\" srcset=\"https:\/\/mv-horben.de\/wp-content\/uploads\/2026\/04\/WhatsApp-Image-2026-03-29-at-18.08.47-728x1024.jpeg 728w, https:\/\/mv-horben.de\/wp-content\/uploads\/2026\/04\/WhatsApp-Image-2026-03-29-at-18.08.47-213x300.jpeg 213w, https:\/\/mv-horben.de\/wp-content\/uploads\/2026\/04\/WhatsApp-Image-2026-03-29-at-18.08.47-768x1080.jpeg 768w, https:\/\/mv-horben.de\/wp-content\/uploads\/2026\/04\/WhatsApp-Image-2026-03-29-at-18.08.47-1092x1536.jpeg 1092w, https:\/\/mv-horben.de\/wp-content\/uploads\/2026\/04\/WhatsApp-Image-2026-03-29-at-18.08.47.jpeg 1138w\" sizes=\"(max-width: 728px) 100vw, 728px\" \/><\/a><\/figure>\n\n\n\n<hr class=\"wp-block-separator has-alpha-channel-opacity\"\/>\n\n\n\n<figure class=\"wp-block-image size-large\"><a href=\"https:\/\/mv-horben.de\/wp-content\/uploads\/2026\/04\/WhatsApp-Image-2026-03-22-at-09.58.11.jpeg\"><img decoding=\"async\" width=\"576\" height=\"1024\" src=\"https:\/\/mv-horben.de\/wp-content\/uploads\/2026\/04\/WhatsApp-Image-2026-03-22-at-09.58.11-576x1024.jpeg\" alt=\"Willkommen\" class=\"wp-image-6117\" srcset=\"https:\/\/mv-horben.de\/wp-content\/uploads\/2026\/04\/WhatsApp-Image-2026-03-22-at-09.58.11-576x1024.jpeg 576w, https:\/\/mv-horben.de\/wp-content\/uploads\/2026\/04\/WhatsApp-Image-2026-03-22-at-09.58.11-169x300.jpeg 169w, https:\/\/mv-horben.de\/wp-content\/uploads\/2026\/04\/WhatsApp-Image-2026-03-22-at-09.58.11-768x1365.jpeg 768w, https:\/\/mv-horben.de\/wp-content\/uploads\/2026\/04\/WhatsApp-Image-2026-03-22-at-09.58.11-864x1536.jpeg 864w, https:\/\/mv-horben.de\/wp-content\/uploads\/2026\/04\/WhatsApp-Image-2026-03-22-at-09.58.11.jpeg 1080w\" sizes=\"(max-width: 576px) 100vw, 576px\" \/><\/a><\/figure>\n\n\n\n<hr class=\"wp-block-separator has-alpha-channel-opacity\"\/>\n\n\n\n<figure class=\"wp-block-image size-large\"><a href=\"https:\/\/mv-horben.de\/wp-content\/uploads\/2026\/01\/Fasnet2026-Plakat-A3-3.png\"><img loading=\"lazy\" decoding=\"async\" width=\"724\" height=\"1024\" src=\"https:\/\/mv-horben.de\/wp-content\/uploads\/2026\/01\/Fasnet2026-Plakat-A3-3-724x1024.png\" alt=\"Willkommen\" class=\"wp-image-6109\" srcset=\"https:\/\/mv-horben.de\/wp-content\/uploads\/2026\/01\/Fasnet2026-Plakat-A3-3-724x1024.png 724w, https:\/\/mv-horben.de\/wp-content\/uploads\/2026\/01\/Fasnet2026-Plakat-A3-3-212x300.png 212w, https:\/\/mv-horben.de\/wp-content\/uploads\/2026\/01\/Fasnet2026-Plakat-A3-3-768x1086.png 768w, https:\/\/mv-horben.de\/wp-content\/uploads\/2026\/01\/Fasnet2026-Plakat-A3-3-1086x1536.png 1086w, https:\/\/mv-horben.de\/wp-content\/uploads\/2026\/01\/Fasnet2026-Plakat-A3-3.png 1414w\" sizes=\"(max-width: 724px) 100vw, 724px\" \/><\/a><\/figure>\n\n\n\n<hr class=\"wp-block-separator has-alpha-channel-opacity\"\/>\n\n\n\n<figure class=\"wp-block-image size-large\"><a href=\"https:\/\/mv-horben.de\/wp-content\/uploads\/2025\/11\/Jahreskonzert-Flyer.jpg\"><img loading=\"lazy\" decoding=\"async\" width=\"724\" height=\"1024\" src=\"https:\/\/mv-horben.de\/wp-content\/uploads\/2025\/11\/Jahreskonzert-Flyer-724x1024.jpg\" alt=\"Willkommen\" class=\"wp-image-6104\" srcset=\"https:\/\/mv-horben.de\/wp-content\/uploads\/2025\/11\/Jahreskonzert-Flyer-724x1024.jpg 724w, https:\/\/mv-horben.de\/wp-content\/uploads\/2025\/11\/Jahreskonzert-Flyer-212x300.jpg 212w, https:\/\/mv-horben.de\/wp-content\/uploads\/2025\/11\/Jahreskonzert-Flyer-768x1086.jpg 768w, https:\/\/mv-horben.de\/wp-content\/uploads\/2025\/11\/Jahreskonzert-Flyer-1086x1536.jpg 1086w, https:\/\/mv-horben.de\/wp-content\/uploads\/2025\/11\/Jahreskonzert-Flyer.jpg 1414w\" sizes=\"(max-width: 724px) 100vw, 724px\" \/><\/a><\/figure>\n\n\n\n<hr class=\"wp-block-separator has-alpha-channel-opacity\"\/>\n\n\n\n<figure class=\"wp-block-image size-large\"><a href=\"https:\/\/mv-horben.de\/wp-content\/uploads\/2025\/09\/oktoberfest.jpeg\"><img loading=\"lazy\" decoding=\"async\" width=\"724\" height=\"1024\" src=\"https:\/\/mv-horben.de\/wp-content\/uploads\/2025\/09\/oktoberfest-724x1024.jpeg\" alt=\"Willkommen\" class=\"wp-image-6099\" srcset=\"https:\/\/mv-horben.de\/wp-content\/uploads\/2025\/09\/oktoberfest-724x1024.jpeg 724w, https:\/\/mv-horben.de\/wp-content\/uploads\/2025\/09\/oktoberfest-212x300.jpeg 212w, https:\/\/mv-horben.de\/wp-content\/uploads\/2025\/09\/oktoberfest-768x1086.jpeg 768w, https:\/\/mv-horben.de\/wp-content\/uploads\/2025\/09\/oktoberfest-1087x1536.jpeg 1087w, https:\/\/mv-horben.de\/wp-content\/uploads\/2025\/09\/oktoberfest.jpeg 1132w\" sizes=\"(max-width: 724px) 100vw, 724px\" \/><\/a><\/figure>\n\n\n\n<hr class=\"wp-block-separator has-alpha-channel-opacity\"\/>\n\n\n\n<figure class=\"wp-block-image size-large\"><a href=\"https:\/\/mv-horben.de\/wp-content\/uploads\/2025\/05\/Picknick25.jpg\"><img loading=\"lazy\" decoding=\"async\" width=\"724\" height=\"1024\" src=\"https:\/\/mv-horben.de\/wp-content\/uploads\/2025\/05\/Picknick25-724x1024.jpg\" alt=\"Willkommen\" class=\"wp-image-6091\" srcset=\"https:\/\/mv-horben.de\/wp-content\/uploads\/2025\/05\/Picknick25-724x1024.jpg 724w, https:\/\/mv-horben.de\/wp-content\/uploads\/2025\/05\/Picknick25-212x300.jpg 212w, https:\/\/mv-horben.de\/wp-content\/uploads\/2025\/05\/Picknick25-768x1086.jpg 768w, https:\/\/mv-horben.de\/wp-content\/uploads\/2025\/05\/Picknick25-1086x1536.jpg 1086w, https:\/\/mv-horben.de\/wp-content\/uploads\/2025\/05\/Picknick25.jpg 1131w\" sizes=\"(max-width: 724px) 100vw, 724px\" \/><\/a><\/figure>\n\n\n\n<hr class=\"wp-block-separator has-alpha-channel-opacity\"\/>\n\n\n\n<figure class=\"wp-block-image size-large\"><a href=\"https:\/\/mv-horben.de\/wp-content\/uploads\/2025\/04\/save-the-date.jpg\"><img loading=\"lazy\" decoding=\"async\" width=\"576\" height=\"1024\" src=\"https:\/\/mv-horben.de\/wp-content\/uploads\/2025\/04\/save-the-date-576x1024.jpg\" alt=\"Willkommen\" class=\"wp-image-6078\" srcset=\"https:\/\/mv-horben.de\/wp-content\/uploads\/2025\/04\/save-the-date-576x1024.jpg 576w, https:\/\/mv-horben.de\/wp-content\/uploads\/2025\/04\/save-the-date-169x300.jpg 169w, https:\/\/mv-horben.de\/wp-content\/uploads\/2025\/04\/save-the-date-768x1365.jpg 768w, https:\/\/mv-horben.de\/wp-content\/uploads\/2025\/04\/save-the-date-864x1536.jpg 864w, https:\/\/mv-horben.de\/wp-content\/uploads\/2025\/04\/save-the-date.jpg 900w\" sizes=\"(max-width: 576px) 100vw, 576px\" \/><\/a><\/figure>\n\n\n\n<hr class=\"wp-block-separator has-alpha-channel-opacity\"\/>\n\n\n\n<figure class=\"wp-block-image size-large\"><a href=\"https:\/\/mv-horben.de\/wp-content\/uploads\/2025\/02\/Dirigent_gesucht_Mai251.png\"><img loading=\"lazy\" decoding=\"async\" width=\"724\" height=\"1024\" src=\"https:\/\/mv-horben.de\/wp-content\/uploads\/2025\/02\/Dirigent_gesucht_Mai251-724x1024.png\" alt=\"Willkommen\" class=\"wp-image-6075\" srcset=\"https:\/\/mv-horben.de\/wp-content\/uploads\/2025\/02\/Dirigent_gesucht_Mai251-724x1024.png 724w, https:\/\/mv-horben.de\/wp-content\/uploads\/2025\/02\/Dirigent_gesucht_Mai251-212x300.png 212w, https:\/\/mv-horben.de\/wp-content\/uploads\/2025\/02\/Dirigent_gesucht_Mai251-768x1086.png 768w, https:\/\/mv-horben.de\/wp-content\/uploads\/2025\/02\/Dirigent_gesucht_Mai251-1086x1536.png 1086w, https:\/\/mv-horben.de\/wp-content\/uploads\/2025\/02\/Dirigent_gesucht_Mai251-1448x2048.png 1448w\" sizes=\"(max-width: 724px) 100vw, 724px\" \/><\/a><\/figure>\n\n\n\n<hr class=\"wp-block-separator has-alpha-channel-opacity\"\/>\n\n\n\n<figure class=\"wp-block-image size-large\"><a href=\"https:\/\/mv-horben.de\/wp-content\/uploads\/2025\/02\/fasnet2025.jpg\"><img loading=\"lazy\" decoding=\"async\" width=\"731\" height=\"1024\" src=\"https:\/\/mv-horben.de\/wp-content\/uploads\/2025\/02\/fasnet2025-731x1024.jpg\" alt=\"Willkommen\" class=\"wp-image-6069\" srcset=\"https:\/\/mv-horben.de\/wp-content\/uploads\/2025\/02\/fasnet2025-731x1024.jpg 731w, https:\/\/mv-horben.de\/wp-content\/uploads\/2025\/02\/fasnet2025-214x300.jpg 214w, https:\/\/mv-horben.de\/wp-content\/uploads\/2025\/02\/fasnet2025-768x1076.jpg 768w, https:\/\/mv-horben.de\/wp-content\/uploads\/2025\/02\/fasnet2025.jpg 914w\" sizes=\"(max-width: 731px) 100vw, 731px\" \/><\/a><\/figure>\n\n\n\n<hr class=\"wp-block-separator has-alpha-channel-opacity\"\/>\n\n\n\n<figure class=\"wp-block-image size-large\"><a href=\"https:\/\/mv-horben.de\/wp-content\/uploads\/2024\/11\/WhatsApp-Bild-2024-11-25-um-13.36.46_532f716e.jpg\"><img loading=\"lazy\" decoding=\"async\" width=\"724\" height=\"1024\" src=\"https:\/\/mv-horben.de\/wp-content\/uploads\/2024\/11\/WhatsApp-Bild-2024-11-25-um-13.36.46_532f716e-724x1024.jpg\" alt=\"Willkommen\" class=\"wp-image-6051\" srcset=\"https:\/\/mv-horben.de\/wp-content\/uploads\/2024\/11\/WhatsApp-Bild-2024-11-25-um-13.36.46_532f716e-724x1024.jpg 724w, https:\/\/mv-horben.de\/wp-content\/uploads\/2024\/11\/WhatsApp-Bild-2024-11-25-um-13.36.46_532f716e-212x300.jpg 212w, https:\/\/mv-horben.de\/wp-content\/uploads\/2024\/11\/WhatsApp-Bild-2024-11-25-um-13.36.46_532f716e-768x1086.jpg 768w, https:\/\/mv-horben.de\/wp-content\/uploads\/2024\/11\/WhatsApp-Bild-2024-11-25-um-13.36.46_532f716e-1086x1536.jpg 1086w, https:\/\/mv-horben.de\/wp-content\/uploads\/2024\/11\/WhatsApp-Bild-2024-11-25-um-13.36.46_532f716e.jpg 1414w\" sizes=\"(max-width: 724px) 100vw, 724px\" \/><\/a><\/figure>\n\n\n\n<figure class=\"wp-block-image size-large\"><a href=\"https:\/\/mv-horben.de\/wp-content\/uploads\/2024\/11\/WhatsApp-Bild-2024-11-25-um-13.36.46_a6fd565d.jpg\"><img loading=\"lazy\" decoding=\"async\" width=\"724\" height=\"1024\" src=\"https:\/\/mv-horben.de\/wp-content\/uploads\/2024\/11\/WhatsApp-Bild-2024-11-25-um-13.36.46_a6fd565d-724x1024.jpg\" alt=\"Willkommen\" class=\"wp-image-6052\" srcset=\"https:\/\/mv-horben.de\/wp-content\/uploads\/2024\/11\/WhatsApp-Bild-2024-11-25-um-13.36.46_a6fd565d-724x1024.jpg 724w, https:\/\/mv-horben.de\/wp-content\/uploads\/2024\/11\/WhatsApp-Bild-2024-11-25-um-13.36.46_a6fd565d-212x300.jpg 212w, https:\/\/mv-horben.de\/wp-content\/uploads\/2024\/11\/WhatsApp-Bild-2024-11-25-um-13.36.46_a6fd565d-768x1086.jpg 768w, https:\/\/mv-horben.de\/wp-content\/uploads\/2024\/11\/WhatsApp-Bild-2024-11-25-um-13.36.46_a6fd565d-1086x1536.jpg 1086w, https:\/\/mv-horben.de\/wp-content\/uploads\/2024\/11\/WhatsApp-Bild-2024-11-25-um-13.36.46_a6fd565d.jpg 1414w\" sizes=\"(max-width: 724px) 100vw, 724px\" \/><\/a><\/figure>\n\n\n\n<hr class=\"wp-block-separator has-alpha-channel-opacity\"\/>\n\n\n\n<figure class=\"wp-block-image size-large\"><a href=\"https:\/\/mv-horben.de\/wp-content\/uploads\/2023\/10\/werbung-erwachsene.png\"><img loading=\"lazy\" decoding=\"async\" width=\"1024\" height=\"721\" src=\"https:\/\/mv-horben.de\/wp-content\/uploads\/2023\/10\/werbung-erwachsene-1024x721.png\" alt=\"Willkommen\" class=\"wp-image-5943\" srcset=\"https:\/\/mv-horben.de\/wp-content\/uploads\/2023\/10\/werbung-erwachsene-1024x721.png 1024w, https:\/\/mv-horben.de\/wp-content\/uploads\/2023\/10\/werbung-erwachsene-300x211.png 300w, https:\/\/mv-horben.de\/wp-content\/uploads\/2023\/10\/werbung-erwachsene-768x541.png 768w, https:\/\/mv-horben.de\/wp-content\/uploads\/2023\/10\/werbung-erwachsene.png 1120w\" sizes=\"(max-width: 1024px) 100vw, 1024px\" \/><\/a><\/figure>\n\n\n\n<hr class=\"wp-block-separator has-alpha-channel-opacity\"\/>\n\n\n\n<figure class=\"wp-block-image size-large\"><a href=\"https:\/\/mv-horben.de\/wp-content\/uploads\/2024\/05\/sommerfest24.jpg\"><img loading=\"lazy\" decoding=\"async\" width=\"724\" height=\"1024\" src=\"https:\/\/mv-horben.de\/wp-content\/uploads\/2024\/05\/sommerfest24-724x1024.jpg\" alt=\"Willkommen\" class=\"wp-image-6022\" srcset=\"https:\/\/mv-horben.de\/wp-content\/uploads\/2024\/05\/sommerfest24-724x1024.jpg 724w, https:\/\/mv-horben.de\/wp-content\/uploads\/2024\/05\/sommerfest24-212x300.jpg 212w, https:\/\/mv-horben.de\/wp-content\/uploads\/2024\/05\/sommerfest24-768x1086.jpg 768w, https:\/\/mv-horben.de\/wp-content\/uploads\/2024\/05\/sommerfest24-1087x1536.jpg 1087w, https:\/\/mv-horben.de\/wp-content\/uploads\/2024\/05\/sommerfest24.jpg 1415w\" sizes=\"(max-width: 724px) 100vw, 724px\" \/><\/a><\/figure>\n\n\n\n<figure class=\"wp-block-image size-large\"><a href=\"https:\/\/mv-horben.de\/wp-content\/uploads\/2024\/05\/Sommerfest2024-2.jpg\"><img loading=\"lazy\" decoding=\"async\" width=\"724\" height=\"1024\" src=\"https:\/\/mv-horben.de\/wp-content\/uploads\/2024\/05\/Sommerfest2024-2-724x1024.jpg\" alt=\"Willkommen\" class=\"wp-image-6024\" srcset=\"https:\/\/mv-horben.de\/wp-content\/uploads\/2024\/05\/Sommerfest2024-2-724x1024.jpg 724w, https:\/\/mv-horben.de\/wp-content\/uploads\/2024\/05\/Sommerfest2024-2-212x300.jpg 212w, https:\/\/mv-horben.de\/wp-content\/uploads\/2024\/05\/Sommerfest2024-2-768x1086.jpg 768w, https:\/\/mv-horben.de\/wp-content\/uploads\/2024\/05\/Sommerfest2024-2-1087x1536.jpg 1087w, https:\/\/mv-horben.de\/wp-content\/uploads\/2024\/05\/Sommerfest2024-2.jpg 1415w\" sizes=\"(max-width: 724px) 100vw, 724px\" \/><\/a><\/figure>\n\n\n\n<hr class=\"wp-block-separator has-alpha-channel-opacity\"\/>\n\n\n\n<figure class=\"wp-block-image size-large\"><a href=\"https:\/\/mv-horben.de\/wp-content\/uploads\/2024\/04\/Flyer.jpg\"><img loading=\"lazy\" decoding=\"async\" width=\"728\" height=\"1024\" src=\"https:\/\/mv-horben.de\/wp-content\/uploads\/2024\/04\/Flyer-728x1024.jpg\" alt=\"Willkommen\" class=\"wp-image-6015\" srcset=\"https:\/\/mv-horben.de\/wp-content\/uploads\/2024\/04\/Flyer-728x1024.jpg 728w, https:\/\/mv-horben.de\/wp-content\/uploads\/2024\/04\/Flyer-213x300.jpg 213w, https:\/\/mv-horben.de\/wp-content\/uploads\/2024\/04\/Flyer-768x1080.jpg 768w, https:\/\/mv-horben.de\/wp-content\/uploads\/2024\/04\/Flyer.jpg 910w\" sizes=\"(max-width: 728px) 100vw, 728px\" \/><\/a><\/figure>\n\n\n\n<hr class=\"wp-block-separator has-alpha-channel-opacity\"\/>\n\n\n\n<figure class=\"wp-block-image size-large\"><a href=\"https:\/\/mv-horben.de\/wp-content\/uploads\/2024\/03\/image.png\"><img loading=\"lazy\" decoding=\"async\" width=\"723\" height=\"1024\" src=\"https:\/\/mv-horben.de\/wp-content\/uploads\/2024\/03\/image-723x1024.png\" alt=\"Willkommen\" class=\"wp-image-5990\" srcset=\"https:\/\/mv-horben.de\/wp-content\/uploads\/2024\/03\/image-723x1024.png 723w, https:\/\/mv-horben.de\/wp-content\/uploads\/2024\/03\/image-212x300.png 212w, https:\/\/mv-horben.de\/wp-content\/uploads\/2024\/03\/image.png 757w\" sizes=\"(max-width: 723px) 100vw, 723px\" \/><\/a><\/figure>\n\n\n\n<hr class=\"wp-block-separator has-alpha-channel-opacity\"\/>\n\n\n\n<figure class=\"wp-block-image size-large\"><a href=\"https:\/\/mv-horben.de\/wp-content\/uploads\/2024\/02\/Fasnet2024.jpeg\"><img loading=\"lazy\" decoding=\"async\" width=\"731\" height=\"1024\" src=\"https:\/\/mv-horben.de\/wp-content\/uploads\/2024\/02\/Fasnet2024-731x1024.jpeg\" alt=\"Willkommen\" class=\"wp-image-5981\" srcset=\"https:\/\/mv-horben.de\/wp-content\/uploads\/2024\/02\/Fasnet2024-731x1024.jpeg 731w, https:\/\/mv-horben.de\/wp-content\/uploads\/2024\/02\/Fasnet2024-214x300.jpeg 214w, https:\/\/mv-horben.de\/wp-content\/uploads\/2024\/02\/Fasnet2024-768x1076.jpeg 768w, https:\/\/mv-horben.de\/wp-content\/uploads\/2024\/02\/Fasnet2024-1097x1536.jpeg 1097w, https:\/\/mv-horben.de\/wp-content\/uploads\/2024\/02\/Fasnet2024.jpeg 1133w\" sizes=\"(max-width: 731px) 100vw, 731px\" \/><\/a><\/figure>\n\n\n\n<hr class=\"wp-block-separator has-alpha-channel-opacity\"\/>\n\n\n\n<figure class=\"wp-block-image size-large\"><a href=\"https:\/\/mv-horben.de\/wp-content\/uploads\/2023\/11\/image-1.png\"><img loading=\"lazy\" decoding=\"async\" width=\"1024\" height=\"683\" src=\"https:\/\/mv-horben.de\/wp-content\/uploads\/2023\/11\/image-1-1024x683.png\" alt=\"Willkommen\" class=\"wp-image-5957\" srcset=\"https:\/\/mv-horben.de\/wp-content\/uploads\/2023\/11\/image-1-1024x683.png 1024w, https:\/\/mv-horben.de\/wp-content\/uploads\/2023\/11\/image-1-300x200.png 300w, https:\/\/mv-horben.de\/wp-content\/uploads\/2023\/11\/image-1-768x512.png 768w, https:\/\/mv-horben.de\/wp-content\/uploads\/2023\/11\/image-1.png 1259w\" sizes=\"(max-width: 1024px) 100vw, 1024px\" \/><\/a><\/figure>\n\n\n\n<figure class=\"wp-block-image size-large\"><a href=\"https:\/\/mv-horben.de\/wp-content\/uploads\/2023\/11\/image-3.png\"><img loading=\"lazy\" decoding=\"async\" width=\"1024\" height=\"725\" src=\"https:\/\/mv-horben.de\/wp-content\/uploads\/2023\/11\/image-3-1024x725.png\" alt=\"Willkommen\" class=\"wp-image-5961\" srcset=\"https:\/\/mv-horben.de\/wp-content\/uploads\/2023\/11\/image-3-1024x725.png 1024w, https:\/\/mv-horben.de\/wp-content\/uploads\/2023\/11\/image-3-300x212.png 300w, https:\/\/mv-horben.de\/wp-content\/uploads\/2023\/11\/image-3-768x543.png 768w, https:\/\/mv-horben.de\/wp-content\/uploads\/2023\/11\/image-3.png 1149w\" sizes=\"(max-width: 1024px) 100vw, 1024px\" \/><\/a><\/figure>\n\n\n\n<hr class=\"wp-block-separator has-alpha-channel-opacity\"\/>\n\n\n\n<figure class=\"wp-block-image size-large\"><a href=\"https:\/\/mv-horben.de\/wp-content\/uploads\/2023\/10\/WhatsApp-Image-2023-10-09-at-06.39.44.jpeg\"><img loading=\"lazy\" decoding=\"async\" width=\"1024\" height=\"606\" src=\"https:\/\/mv-horben.de\/wp-content\/uploads\/2023\/10\/WhatsApp-Image-2023-10-09-at-06.39.44-1024x606.jpeg\" alt=\"Willkommen\" class=\"wp-image-5947\" srcset=\"https:\/\/mv-horben.de\/wp-content\/uploads\/2023\/10\/WhatsApp-Image-2023-10-09-at-06.39.44-1024x606.jpeg 1024w, https:\/\/mv-horben.de\/wp-content\/uploads\/2023\/10\/WhatsApp-Image-2023-10-09-at-06.39.44-300x178.jpeg 300w, https:\/\/mv-horben.de\/wp-content\/uploads\/2023\/10\/WhatsApp-Image-2023-10-09-at-06.39.44-768x455.jpeg 768w, https:\/\/mv-horben.de\/wp-content\/uploads\/2023\/10\/WhatsApp-Image-2023-10-09-at-06.39.44-1536x909.jpeg 1536w, https:\/\/mv-horben.de\/wp-content\/uploads\/2023\/10\/WhatsApp-Image-2023-10-09-at-06.39.44.jpeg 2048w\" sizes=\"(max-width: 1024px) 100vw, 1024px\" \/><\/a><figcaption class=\"wp-element-caption\">Er\u00f6ffnung Luisenh\u00f6he mit Baumstellen am 29. September 2023<\/figcaption><\/figure>\n\n\n\n<hr class=\"wp-block-separator has-alpha-channel-opacity\"\/>\n\n\n\n<figure class=\"wp-block-image size-full\"><a href=\"https:\/\/mv-horben.de\/wp-content\/uploads\/2023\/07\/musik-1.jpg\"><img loading=\"lazy\" decoding=\"async\" width=\"1024\" height=\"768\" src=\"https:\/\/mv-horben.de\/wp-content\/uploads\/2023\/07\/musik-1.jpg\" alt=\"Willkommen\" class=\"wp-image-5936\" srcset=\"https:\/\/mv-horben.de\/wp-content\/uploads\/2023\/07\/musik-1.jpg 1024w, https:\/\/mv-horben.de\/wp-content\/uploads\/2023\/07\/musik-1-300x225.jpg 300w, https:\/\/mv-horben.de\/wp-content\/uploads\/2023\/07\/musik-1-768x576.jpg 768w\" sizes=\"(max-width: 1024px) 100vw, 1024px\" \/><\/a><figcaption class=\"wp-element-caption\">Picknickkonzert am 6. Juli 2023<br>&nbsp;<br>Unser erstes Picknickkonzert war ein voller Erfolg. Bei bestem Wetter durften wir mit atemberaubendem Ausblick Musik machen. Die BesucherInnen hatten es sich auf der Wiese bequem gemacht und lauschten zur untergehenden Sonne unseren Kl\u00e4ngen. Dabei konnte man sich mit einem k\u00fchlen Getr\u00e4nk erfrischen und eine Waffel unserer JuKa schmecken lassen.&nbsp;<br>&nbsp;<br>Wir m\u00f6chten uns ganz herzlich bei den zahlreichen Zuh\u00f6rerInnen bedanken.<br>Wir hatten sehr viel Spa\u00df und hoffen, dass wir Euch \/Ihnen damit einen sch\u00f6nen Abend bereitet haben.<br>&nbsp;<br>Danke auch an alle unsere HelferInnen und Unterst\u00fctzerInnen.<\/figcaption><\/figure>\n\n\n\n<hr class=\"wp-block-separator has-alpha-channel-opacity\"\/>\n","protected":false},"excerpt":{"rendered":"<p>auf der Website des Musikverein &#8222;Harmonie&#8220; Horben e.V.<\/p>\n","protected":false},"author":1,"featured_media":0,"parent":0,"menu_order":0,"comment_status":"closed","ping_status":"closed","template":"","meta":{"ngg_post_thumbnail":0,"_mc_calendar":[]},"acf":[],"_links":{"self":[{"href":"https:\/\/mv-horben.de\/index.php?rest_route=\/wp\/v2\/pages\/369"}],"collection":[{"href":"https:\/\/mv-horben.de\/index.php?rest_route=\/wp\/v2\/pages"}],"about":[{"href":"https:\/\/mv-horben.de\/index.php?rest_route=\/wp\/v2\/types\/page"}],"author":[{"embeddable":true,"href":"https:\/\/mv-horben.de\/index.php?rest_route=\/wp\/v2\/users\/1"}],"replies":[{"embeddable":true,"href":"https:\/\/mv-horben.de\/index.php?rest_route=%2Fwp%2Fv2%2Fcomments&post=369"}],"version-history":[{"count":42,"href":"https:\/\/mv-horben.de\/index.php?rest_route=\/wp\/v2\/pages\/369\/revisions"}],"predecessor-version":[{"id":6119,"href":"https:\/\/mv-horben.de\/index.php?rest_route=\/wp\/v2\/pages\/369\/revisions\/6119"}],"wp:attachment":[{"href":"https:\/\/mv-horben.de\/index.php?rest_route=%2Fwp%2Fv2%2Fmedia&parent=369"}],"curies":[{"name":"wp","href":"https:\/\/api.w.org\/{rel}","templated":true}]}}