{"id":5723,"date":"2021-10-25T17:17:49","date_gmt":"2021-10-25T17:17:49","guid":{"rendered":"http:\/\/mv-horben.de\/?page_id=5723"},"modified":"2025-01-27T15:54:23","modified_gmt":"2025-01-27T15:54:23","slug":"uns-unterstuetzen","status":"publish","type":"page","link":"https:\/\/mv-horben.de\/?page_id=5723","title":{"rendered":"uns unterst\u00fctzen"},"content":{"rendered":"<p>Wir freuen uns, wenn Sie uns als passives Mitglied mit einem j\u00e4hrlichen Beitrag unterst\u00fctzen m\u00f6chten.<\/p>\n<p>Hier finden Sie die Beitrittserkl\u00e4rung.<\/p>\n<p><a href=\"http:\/\/mv-horben.de\/wp-content\/uploads\/2025\/01\/Beitrittserklaerung-mit-SEPA.pdf\">Beitrittserkl\u00e4rung mit SEPA<\/a><\/p>\n<p>&nbsp;<\/p>\n<p>Gerne nehmen wir auch Spenden f\u00fcr unsere Jugendarbeit, Instrumente, Uniformen und Noten entgegen. Bis 300\u20ac reicht der Kontoauszug als Nachweis f\u00fcr das Finanzamt. F\u00fcr gr\u00f6\u00dfere Betr\u00e4ge stellen wir Ihnen eine Zuwendungsbest\u00e4tigung aus. Bitte geben Sie daf\u00fcr bei Ihrer \u00dcberweisung Ihre Adresse an.<\/p>\n<p>Unsere Bankverbindung<br \/>\nMusikverein \u201eHarmonie\u201c Horben e.V.<br \/>\nIBAN: DE50 6805 0101 0002 2656 47<br \/>\nSparkasse Freiburg<\/p>\n<p>Unser PayPal<br \/>\n<a href=\"mailto:kasse@mv-horben.de\">kasse@mv-horben.de<\/a><\/p>\n<p>Herzlichen Dank f\u00fcr Ihre Unterst\u00fctzung!<\/p>\n","protected":false},"excerpt":{"rendered":"<p>Wir freuen uns, wenn Sie uns als passives Mitglied mit einem j\u00e4hrlichen Beitrag unterst\u00fctzen m\u00f6chten. Hier finden Sie die Beitrittserkl\u00e4rung. Beitrittserkl\u00e4rung mit SEPA &nbsp; Gerne nehmen wir auch Spenden f\u00fcr unsere Jugendarbeit, Instrumente, Uniformen und Noten entgegen. Bis 300\u20ac reicht der Kontoauszug als Nachweis f\u00fcr das Finanzamt. F\u00fcr gr\u00f6\u00dfere Betr\u00e4ge stellen wir Ihnen eine Zuwendungsbest\u00e4tigung &#8230; <a title=\"uns unterst\u00fctzen\" class=\"read-more\" href=\"https:\/\/mv-horben.de\/?page_id=5723\" aria-label=\"Mehr dazu unter uns unterst\u00fctzen\">Weiterlesen<\/a><\/p>\n","protected":false},"author":1,"featured_media":0,"parent":0,"menu_order":0,"comment_status":"closed","ping_status":"closed","template":"","meta":{"ngg_post_thumbnail":0,"_mc_calendar":[]},"acf":[],"_links":{"self":[{"href":"https:\/\/mv-horben.de\/index.php?rest_route=\/wp\/v2\/pages\/5723"}],"collection":[{"href":"https:\/\/mv-horben.de\/index.php?rest_route=\/wp\/v2\/pages"}],"about":[{"href":"https:\/\/mv-horben.de\/index.php?rest_route=\/wp\/v2\/types\/page"}],"author":[{"embeddable":true,"href":"https:\/\/mv-horben.de\/index.php?rest_route=\/wp\/v2\/users\/1"}],"replies":[{"embeddable":true,"href":"https:\/\/mv-horben.de\/index.php?rest_route=%2Fwp%2Fv2%2Fcomments&post=5723"}],"version-history":[{"count":7,"href":"https:\/\/mv-horben.de\/index.php?rest_route=\/wp\/v2\/pages\/5723\/revisions"}],"predecessor-version":[{"id":6066,"href":"https:\/\/mv-horben.de\/index.php?rest_route=\/wp\/v2\/pages\/5723\/revisions\/6066"}],"wp:attachment":[{"href":"https:\/\/mv-horben.de\/index.php?rest_route=%2Fwp%2Fv2%2Fmedia&parent=5723"}],"curies":[{"name":"wp","href":"https:\/\/api.w.org\/{rel}","templated":true}]}}